{"id":119,"date":"2016-05-13T13:21:39","date_gmt":"2016-05-13T11:21:39","guid":{"rendered":"http:\/\/www.meditangens.de\/entw\/endotax\/?page_id=119"},"modified":"2024-08-01T19:40:02","modified_gmt":"2024-08-01T17:40:02","slug":"gesellschafter","status":"publish","type":"page","link":"https:\/\/www.endotax.de\/cont\/gesellschafter\/","title":{"rendered":"Hauptgesellschafter Vitae"},"content":{"rendered":"<style><!--.imgbw#cartex  {width:250px;height:167px;background:url(\"http:\/\/www.endotax.de\/cont\/wp-content\/uploads\/navinafotografiert-197358-b_sw-col_250b__.jpg\") top right}\n.imgbw#cartex:hover {background:url(\"http:\/\/www.endotax.de\/cont\/wp-content\/uploads\/navinafotografiert-197358-b_sw-col_250b__.jpg\") bottom right;}\n.imgbw#martbri  {width:250px;height:167px;background:url(\"http:\/\/www.endotax.de\/cont\/wp-content\/uploads\/navinafotografiert-197399-b_sw-col_250b_.jpg\") top right}\n.imgbw#martbri:hover {background:url(\"http:\/\/www.endotax.de\/cont\/wp-content\/uploads\/navinafotografiert-197399-b_sw-col_250b_.jpg\") bottom right;} --> <\/style>\n<p>[vc_column width=&#8220;1\/3&#8243; css=&#8220;.vc_custom_1468420102292{}&#8220;][vc_column_text]<\/p>\n<div style=\"width:250px;padding-top:20px\" align=\"center\">\n        <a href=\"http:\/\/endotax.de\/cont\/vita-carola-textor\/?op=5\"> <\/p>\n<div id=\"cartex\" class=\"imgbw\" style=\"\"><\/div>\n<p style=\"\">Carola Textor<\/p>\n<p><\/a>\n<\/div>\n<div style=\"width:250px;padding:5px 0 0 0\" align=\"center\">\n        <a href=\"http:\/\/endotax.de\/cont\/vita-martin-britze\/?op=5\"><\/p>\n<div id=\"martbri\" class=\"imgbw\"><\/div>\n<p style=\"\">Martin Britze<\/p>\n<p><\/a>\n <\/div>\n<p>[\/vc_column_text][\/vc_column][vc_column width=&#8220;2\/3&#8243; css=&#8220;.vc_custom_1468420102292{margin-top: 50px ;}&#8220;][vc_column_text]<\/p>\n<div style=\"padding-left:5px; margin-top:0px\">\nWir entwickeln in enger pers\u00f6nlicher Zusammenarbeit mit Ihnen Ihre individuelle optimale Steuergestaltung. Au\u00dferdem f\u00fchren wir Unternehmensberatung und -planung sowie Finanzanalysen durch und helfen Ihnen bei Ihrer Existenzgr\u00fcndung. Wir \u00fcbernehmen Ihre Buchf\u00fchrung, Ihre Abschlusserstellung und Ihre Steuererkl\u00e4rung und helfen Ihnen bei der Erf\u00fcllung der Anforderungen gegen\u00fcber den Banken.<\/p>\n<p>Be&shy;ra&shy;tung soll&shy;te vor der Ent&shy;schei&shy;dung statt&shy;fin&shy;den und geht \u00fc&shy;ber die rei&shy;ne Be&shy;trach&shy;tung steuer&shy;li&shy;cher Sach&shy;ver&shy;halte hinaus.\n<\/p>\n<\/div>\n<p>[\/vc_column_text][\/vc_column]<\/p>\n","protected":false},"excerpt":{"rendered":"<p>[vc_column width=&#8220;1\/3&#8243; css=&#8220;.vc_custom_1468420102292{}&#8220;][vc_column_text] Carola Textor Martin Britze [\/vc_column_text][\/vc_column][vc_column width=&#8220;2\/3&#8243; css=&#8220;.vc_custom_1468420102292{margin-top: 50px ;}&#8220;][vc_column_text] Wir entwickeln in enger pers\u00f6nlicher Zusammenarbeit mit Ihnen Ihre individuelle optimale Steuergestaltung. Au\u00dferdem f\u00fchren wir Unternehmensberatung und -planung sowie Finanzanalysen durch und helfen Ihnen bei Ihrer Existenzgr\u00fcndung. Wir<\/p>\n","protected":false},"author":1,"featured_media":0,"parent":0,"menu_order":0,"comment_status":"closed","ping_status":"closed","template":"","meta":{"footnotes":""},"class_list":["post-119","page","type-page","status-publish","hentry"],"_links":{"self":[{"href":"https:\/\/www.endotax.de\/cont\/wp-json\/wp\/v2\/pages\/119"}],"collection":[{"href":"https:\/\/www.endotax.de\/cont\/wp-json\/wp\/v2\/pages"}],"about":[{"href":"https:\/\/www.endotax.de\/cont\/wp-json\/wp\/v2\/types\/page"}],"author":[{"embeddable":true,"href":"https:\/\/www.endotax.de\/cont\/wp-json\/wp\/v2\/users\/1"}],"replies":[{"embeddable":true,"href":"https:\/\/www.endotax.de\/cont\/wp-json\/wp\/v2\/comments?post=119"}],"version-history":[{"count":28,"href":"https:\/\/www.endotax.de\/cont\/wp-json\/wp\/v2\/pages\/119\/revisions"}],"predecessor-version":[{"id":735,"href":"https:\/\/www.endotax.de\/cont\/wp-json\/wp\/v2\/pages\/119\/revisions\/735"}],"wp:attachment":[{"href":"https:\/\/www.endotax.de\/cont\/wp-json\/wp\/v2\/media?parent=119"}],"curies":[{"name":"wp","href":"https:\/\/api.w.org\/{rel}","templated":true}]}}