{"id":138,"date":"2016-05-13T14:09:26","date_gmt":"2016-05-13T12:09:26","guid":{"rendered":"http:\/\/www.meditangens.de\/entw\/endotax\/?page_id=138"},"modified":"2024-08-01T18:01:52","modified_gmt":"2024-08-01T16:01:52","slug":"vita-carola-textor","status":"publish","type":"page","link":"https:\/\/www.endotax.de\/cont\/vita-carola-textor\/","title":{"rendered":"Vita Carola Textor"},"content":{"rendered":"<style>\n<!-- .imgbw {padding:0;margin: 0} .imgbw#cartex  {width:350px;height:233px;background:url(\"https:\/\/www.endotax.de\/cont\/wp-content\/uploads\/navinafotografiert-197358-b_350b.jpg\") top right}\n.imgbw#martbri  {width:150px;height:100px;background:url(\"https:\/\/www.endotax.de\/cont\/wp-content\/uploads\/navinafotografiert-197399-b_sw-col_150b.jpg\") top right}\n.imgbw#martbri:hover {background:url(\"https:\/\/www.endotax.de\/cont\/wp-content\/uploads\/navinafotografiert-197399-b_sw-col_150b.jpg\") bottom right;}\n div#vita { border-collapse: collapse; padding-left:15px} #vita div.li { width: 160px; } #tr div { display: table-cell; padding: 2px 0 2px 0; }  .zeil { float: left; padding:5px 20px 0 0;margin:0; }\n.zeil:last-child { padding:5px 0 0 0;margin:0;} --><br \/>\n<\/style>\n<p>[vc_column width=&#8220;1\/3&#8243; css=&#8220;.vc_custom_1468420102292{margin-top: 0px !important;margin-right: 0px !important;margin-bottom: 0px !important;margin-left: 0px !important;border-top-width: 0px !important;border-right-width: 0px !important;border-bottom-width: 0px !important;border-left-width: 0px !important;padding-top: 0px !important;padding-right: 0px !important;padding-bottom: 0px !important;padding-left: 0px !important;background-color: #ffffff !important;}&#8220;][vc_column_text]<\/p>\n<div style=\"width:350px; padding: 0;margin:0\" align=\"center\">\n<div id=\"cartex\" class=\"imgbw\" style=\"margin-top:0px\"><\/div>\n<p>Carola Textor<\/p>\n<\/div>\n<div style=\"\" class=\"zeil\" align=\"center\">\n        <a href=\"https:\/\/www.endotax.de\/vita-martin-britze\/?op=5\"><\/p>\n<div id=\"martbri\" class=\"imgbw\"><\/div>\n<p><\/a><a href=\"https:\/\/www.endotax.de\/vita-martin-britze\/?op=5\"> Martin Britze<\/a><\/p>\n<\/div>\n<p>[\/vc_column_text][\/vc_column][vc_column width=&#8220;2\/3&#8243; css=&#8220;.vc_custom_1468420102292{margin-top: 50px !important;margin-right: 0px !important;margin-bottom: 0px !important;margin-left: 0px !important;border-top-width: 0px !important;border-right-width: 0px !important;border-bottom-width: 0px !important;border-left-width: 0px !important;padding-top: 0px !important;padding-right: 0px !important;padding-bottom: 0px !important;padding-left: 0px !important;background-color: #ffffff !important;}&#8220;][vc_column_text]<\/p>\n<div style=\"padding-bottom:15px;padding-left:15px\">\nStB Dipl. Kff. Carola Textor<br \/>\nGesellschafterin<\/div>\n<div style=\"padding:0 0 5px 15px\">\nist seit 1999 Steuerberaterin und seit 2003 gesch\u00e4ftsf\u00fchrende Gesellschafterin der ENDOTAX Steuerberatungsgesellschaft mbH. Bereits w\u00e4hrend Ihres Studiums der Betriebswirtschaft an der FU Berlin arbeitete Frau Textor als ausgebildete Steuerfachgehilfin studienbegleitend und kann auf ein langj\u00e4hriges aufgebautes Wissen im Bereich der gestaltenden Steuerberatung zugreifen.<\/div>\n<div id=\"vita\">\n<div id=\"tr\">\n<div class=\"li\" style=\"width:160px\"><nobr>2003 bis heute<\/nobr><\/div>\n<div>gesch\u00e4ftsf\u00fchrende Gesellschafterin der Endotax Steuerberatungsges. mbH<\/div>\n<\/div>\n<div id=\"tr\">\n<div class=\"li\">1999<\/div>\n<div>Bestellung zur Steuerberaterin<\/div>\n<\/div>\n<div id=\"tr\">\n<div class=\"li\">1996-2003<\/div>\n<div>Mitarbeiterin Beate Otto &amp; Wolfgang Otto<\/div>\n<\/div>\n<div id=\"tr\">\n<div class=\"li\">1990-1995<\/div>\n<div>studienbegleitend f\u00fcr Steuerberater t\u00e4tig<\/div>\n<\/div>\n<div id=\"tr\">\n<div class=\"li\">1990-1995<\/div>\n<div>FU Berlin, Studium der Betriebswirtschaft, Abschluss als Diplom Kauffrau<br \/>\n(Schwerpunkte Steuerlehre und Wirtschaftspr\u00fcfung, KMU\u00b4S)<\/div>\n<\/div>\n<div id=\"tr\">\n<div class=\"li\">1988-1990<\/div>\n<div>Fachgehilfin in steuer- und wirtschaftsberatenden Berufen<\/div>\n<\/div>\n<div id=\"tr\">\n<div class=\"li\">1988<\/div>\n<div>Abitur<\/div>\n<\/div>\n<\/div>\n<p>[\/vc_column_text][\/vc_column]<\/p>\n","protected":false},"excerpt":{"rendered":"<p>[vc_column width=&#8220;1\/3&#8243; css=&#8220;.vc_custom_1468420102292{margin-top: 0px !important;margin-right: 0px !important;margin-bottom: 0px !important;margin-left: 0px !important;border-top-width: 0px !important;border-right-width: 0px !important;border-bottom-width: 0px !important;border-left-width: 0px !important;padding-top: 0px !important;padding-right: 0px !important;padding-bottom: 0px !important;padding-left: 0px !important;background-color: #ffffff !important;}&#8220;][vc_column_text] Carola Textor Martin Britze [\/vc_column_text][\/vc_column][vc_column width=&#8220;2\/3&#8243; css=&#8220;.vc_custom_1468420102292{margin-top: 50px !important;margin-right: 0px !important;margin-bottom:<\/p>\n","protected":false},"author":1,"featured_media":0,"parent":0,"menu_order":0,"comment_status":"closed","ping_status":"closed","template":"","meta":{"footnotes":""},"class_list":["post-138","page","type-page","status-publish","hentry"],"_links":{"self":[{"href":"https:\/\/www.endotax.de\/cont\/wp-json\/wp\/v2\/pages\/138"}],"collection":[{"href":"https:\/\/www.endotax.de\/cont\/wp-json\/wp\/v2\/pages"}],"about":[{"href":"https:\/\/www.endotax.de\/cont\/wp-json\/wp\/v2\/types\/page"}],"author":[{"embeddable":true,"href":"https:\/\/www.endotax.de\/cont\/wp-json\/wp\/v2\/users\/1"}],"replies":[{"embeddable":true,"href":"https:\/\/www.endotax.de\/cont\/wp-json\/wp\/v2\/comments?post=138"}],"version-history":[{"count":55,"href":"https:\/\/www.endotax.de\/cont\/wp-json\/wp\/v2\/pages\/138\/revisions"}],"predecessor-version":[{"id":708,"href":"https:\/\/www.endotax.de\/cont\/wp-json\/wp\/v2\/pages\/138\/revisions\/708"}],"wp:attachment":[{"href":"https:\/\/www.endotax.de\/cont\/wp-json\/wp\/v2\/media?parent=138"}],"curies":[{"name":"wp","href":"https:\/\/api.w.org\/{rel}","templated":true}]}}