{"id":489,"date":"2021-06-10T12:58:09","date_gmt":"2021-06-10T10:58:09","guid":{"rendered":"https:\/\/www.endotax.de\/cont\/?page_id=489"},"modified":"2021-06-10T14:46:57","modified_gmt":"2021-06-10T12:46:57","slug":"gesunder-betrieb","status":"publish","type":"page","link":"https:\/\/www.endotax.de\/cont\/gesunder-betrieb\/","title":{"rendered":"Gesunder Betrieb"},"content":{"rendered":"<p>[vc_row][vc_column width=&#8220;1\/6&#8243;][vc_column_text][\/vc_column_text][\/vc_column][vc_column width=&#8220;4\/6&#8243; css=&#8220;.vc_custom_1472654022377{margin-bottom: 80px !important;}&#8220;][vc_column_text]<br \/>\n<img decoding=\"async\" id=\"bgm_\" src=\"https:\/\/www.endotax.de\/cont\/wp-content\/uploads\/RGB_Farbig_V1_Logo.svg\" style=\"float:right;margin-left:80px\" border=\"0\"><\/p>\n<h4 style=\"color:#000\">Gesundheit als Betriebskultur: Strukturen gestalten \u2013 Gesund f\u00fchren<\/h4>\n<p>Die ENDOTAX Steuerberatungsgesellschaft engagiert sich im Rahmen des Modells Mobile Gesundheitslotsen f\u00fcr den Gesunden Betrieb.<\/p>\n<p>Wir leben <em>Betriebliche Gesundheitsf\u00f6rderung<\/em> als Wert und setzen sie im Team praxisgerecht um.<\/p>\n<p>Die Gesundheitslotsen unterst\u00fctzen uns auf dem Weg zu Gesunder F\u00fchrung \/ Gesunder Betrieb f\u00fcr mehr betriebliche Pr\u00e4vention.<br \/>\nDas gef\u00f6rderte Modellprojekt unterst\u00fctzt langfristig Betriebliches Gesundheitsmanagement (BGM) f\u00fcr die MitarbeiterInnen-Gesundheit.<\/p>\n<h4 style=\"color:#000\">Gesch\u00e4ftsf\u00fchrung und MitarbeiterInnen sind gefordert.<\/h4>\n<p>Es gilt, gemeinsam Ressourcenst\u00e4rkung, Stressbew\u00e4ltigung, Leistungserm\u00fcdung und Vereinbarkeitsaufgaben proaktiv zu gestalten.<br \/>\nIm Fokus des begleiteten Modellprozesses steht die MitarbeiterInnen-Zufriedenheit \u2013 und wie sich Ma\u00dfnahmen verbesserter Arbeitsverh\u00e4ltnisse, Leistungs- und Arbeitsf\u00e4higkeit bestm\u00f6glich in den betrieblichen Alltag integrieren lassen.<\/p>\n<p>Die Ziele: Mehrwert durch Arbeitsplatzverbesserung, erh\u00f6hte Ressourcenst\u00e4rkung und Arbeitsqualit\u00e4t, Wohlbefinden am Arbeitsplatz.<br \/>\nBetriebliches Gesundheitsmanagement wirkt als Br\u00fcckenbauer &#8211; sorgt strategisch und strukturell f\u00fcr positive Arbeitsbedingungen.<\/p>\n<p>Wir, das Team aus Gesch\u00e4ftsf\u00fchrung und MitarbeiterInnen der ENDOTAX, stellen uns den Herausforderungen, um diese Ziele gemeinsam zu erreichen!<\/p>\n<p>Weitere Informationen: <a href=\"https:\/\/www.endotax.de\/cont\/wp-content\/uploads\/Flyer_Mobile_Gesundheitslotsen_KMU.pdf\" target=\"_blank\" rel=\"noopener\">\u00bb Flyer \u201eMobile Gesundheitslotsen\u201c (PDF Link)<\/a><\/p>\n<p>&nbsp;<br \/>\n[\/vc_column_text][\/vc_column][vc_column width=&#8220;1\/6&#8243;][vc_column_text][\/vc_column_text][\/vc_column][\/vc_row]<\/p>\n","protected":false},"excerpt":{"rendered":"<p>[vc_row][vc_column width=&#8220;1\/6&#8243;][vc_column_text][\/vc_column_text][\/vc_column][vc_column width=&#8220;4\/6&#8243; css=&#8220;.vc_custom_1472654022377{margin-bottom: 80px !important;}&#8220;][vc_column_text] Gesundheit als Betriebskultur: Strukturen gestalten \u2013 Gesund f\u00fchren Die ENDOTAX Steuerberatungsgesellschaft engagiert sich im Rahmen des Modells Mobile Gesundheitslotsen f\u00fcr den Gesunden Betrieb. Wir leben Betriebliche Gesundheitsf\u00f6rderung als Wert und setzen sie im Team<\/p>\n","protected":false},"author":1,"featured_media":0,"parent":0,"menu_order":0,"comment_status":"closed","ping_status":"closed","template":"","meta":{"footnotes":""},"class_list":["post-489","page","type-page","status-publish","hentry"],"_links":{"self":[{"href":"https:\/\/www.endotax.de\/cont\/wp-json\/wp\/v2\/pages\/489"}],"collection":[{"href":"https:\/\/www.endotax.de\/cont\/wp-json\/wp\/v2\/pages"}],"about":[{"href":"https:\/\/www.endotax.de\/cont\/wp-json\/wp\/v2\/types\/page"}],"author":[{"embeddable":true,"href":"https:\/\/www.endotax.de\/cont\/wp-json\/wp\/v2\/users\/1"}],"replies":[{"embeddable":true,"href":"https:\/\/www.endotax.de\/cont\/wp-json\/wp\/v2\/comments?post=489"}],"version-history":[{"count":6,"href":"https:\/\/www.endotax.de\/cont\/wp-json\/wp\/v2\/pages\/489\/revisions"}],"predecessor-version":[{"id":507,"href":"https:\/\/www.endotax.de\/cont\/wp-json\/wp\/v2\/pages\/489\/revisions\/507"}],"wp:attachment":[{"href":"https:\/\/www.endotax.de\/cont\/wp-json\/wp\/v2\/media?parent=489"}],"curies":[{"name":"wp","href":"https:\/\/api.w.org\/{rel}","templated":true}]}}